{"id":726,"date":"2022-06-27T14:56:18","date_gmt":"2022-06-27T14:56:18","guid":{"rendered":"https:\/\/startersites.io\/elementor\/tasty\/?page_id=726"},"modified":"2026-02-14T13:51:15","modified_gmt":"2026-02-14T10:51:15","slug":"about","status":"publish","type":"page","link":"https:\/\/nutssan.com\/tr\/about\/","title":{"rendered":"Hakk\u0131m\u0131zda"},"content":{"rendered":"<div data-elementor-type=\"wp-page\" data-elementor-id=\"726\" class=\"elementor elementor-726\" data-elementor-post-type=\"page\">\n\t\t\t\t<div class=\"elementor-element elementor-element-b11fb0b e-flex e-con-boxed e-con e-parent\" data-id=\"b11fb0b\" data-element_type=\"container\" data-e-type=\"container\">\n\t\t\t\t\t<div class=\"e-con-inner\">\n\t\t<div class=\"elementor-element elementor-element-1eb8e23 e-con-full e-flex e-con e-child\" data-id=\"1eb8e23\" data-element_type=\"container\" data-e-type=\"container\">\n\t\t\t\t<div class=\"elementor-element elementor-element-8af2249 elementor-widget elementor-widget-text-editor\" data-id=\"8af2249\" data-element_type=\"widget\" data-e-type=\"widget\" data-widget_type=\"text-editor.default\">\n\t\t\t\t\t\t\t\t\t<p>HAKKIMIZDA<\/p>\t\t\t\t\t\t\t\t<\/div>\n\t\t\t\t<div class=\"elementor-element elementor-element-9a614d8 elementor-widget elementor-widget-heading\" data-id=\"9a614d8\" data-element_type=\"widget\" data-e-type=\"widget\" data-widget_type=\"heading.default\">\n\t\t\t\t\t<h2 class=\"elementor-heading-title elementor-size-default\">Toptan \u00e7erezde profesyonel \u00e7\u00f6z\u00fcm orta\u011f\u0131n\u0131z.<\/h2>\t\t\t\t<\/div>\n\t\t\t\t<div class=\"elementor-element elementor-element-8242b26 elementor-widget elementor-widget-text-editor\" data-id=\"8242b26\" data-element_type=\"widget\" data-e-type=\"widget\" data-widget_type=\"text-editor.default\">\n\t\t\t\t\t\t\t\t\t<p>\u015eirketimizin sekt\u00f6rel bilgi birikimi, 2005 y\u0131l\u0131ndan bu yana Gaziantep\u2019te faaliyet g\u00f6steren G\u00fcnay G\u0131da b\u00fcnyesinde kazan\u0131lan \u00fcretim ve ticaret deneyimlerine dayanmaktad\u0131r. Bu s\u00fcre\u00e7te hem yurt i\u00e7i hem de yurt d\u0131\u015f\u0131 pazarlarda edinilen tecr\u00fcbeler, Nutssan\u2019\u0131n kurulu\u015funda referans niteli\u011fi ta\u015f\u0131m\u0131\u015ft\u0131r. Nutssan, bu deneyimi ba\u011f\u0131ms\u0131z ve uluslararas\u0131 pazarlara odaklanan bir yap\u0131 ile ileriye ta\u015f\u0131maktad\u0131r.<\/p>\t\t\t\t\t\t\t\t<\/div>\n\t\t\t\t<div class=\"elementor-element elementor-element-9d8206b elementor-widget elementor-widget-image\" data-id=\"9d8206b\" data-element_type=\"widget\" data-e-type=\"widget\" data-widget_type=\"image.default\">\n\t\t\t\t\t\t\t\t\t\t\t\t\t\t\t<img fetchpriority=\"high\" decoding=\"async\" width=\"743\" height=\"336\" src=\"https:\/\/nutssan.com\/wp-content\/uploads\/2026\/02\/nutssan_logo_trans.png\" class=\"attachment-full size-full wp-image-920\" alt=\"\" srcset=\"https:\/\/nutssan.com\/wp-content\/uploads\/2026\/02\/nutssan_logo_trans.png 743w, https:\/\/nutssan.com\/wp-content\/uploads\/2026\/02\/nutssan_logo_trans-300x136.png 300w\" sizes=\"(max-width: 743px) 100vw, 743px\" \/>\t\t\t\t\t\t\t\t\t\t\t\t\t\t\t<\/div>\n\t\t\t\t<\/div>\n\t\t<div class=\"elementor-element elementor-element-cd32a90 e-con-full e-flex e-con e-child\" data-id=\"cd32a90\" data-element_type=\"container\" data-e-type=\"container\">\n\t\t\t\t<div class=\"elementor-element elementor-element-97f42ac elementor-widget elementor-widget-image\" data-id=\"97f42ac\" data-element_type=\"widget\" data-e-type=\"widget\" data-widget_type=\"image.default\">\n\t\t\t\t\t\t\t\t\t\t\t\t\t\t\t<img decoding=\"async\" width=\"1024\" height=\"683\" src=\"https:\/\/nutssan.com\/wp-content\/uploads\/2026\/02\/nutssan-cerez-gaziantep-1024x683.jpg\" class=\"attachment-large size-large wp-image-938\" alt=\"\" srcset=\"https:\/\/nutssan.com\/wp-content\/uploads\/2026\/02\/nutssan-cerez-gaziantep-1024x683.jpg 1024w, https:\/\/nutssan.com\/wp-content\/uploads\/2026\/02\/nutssan-cerez-gaziantep-300x200.jpg 300w, https:\/\/nutssan.com\/wp-content\/uploads\/2026\/02\/nutssan-cerez-gaziantep-768x512.jpg 768w, https:\/\/nutssan.com\/wp-content\/uploads\/2026\/02\/nutssan-cerez-gaziantep-1536x1024.jpg 1536w, https:\/\/nutssan.com\/wp-content\/uploads\/2026\/02\/nutssan-cerez-gaziantep-2048x1365.jpg 2048w, https:\/\/nutssan.com\/wp-content\/uploads\/2026\/02\/nutssan-cerez-gaziantep-750x500.jpg 750w\" sizes=\"(max-width: 1024px) 100vw, 1024px\" \/>\t\t\t\t\t\t\t\t\t\t\t\t\t\t\t<\/div>\n\t\t\t\t<\/div>\n\t\t\t\t\t<\/div>\n\t\t\t\t<\/div>\n\t\t<div class=\"elementor-element elementor-element-c51067b e-flex e-con-boxed e-con e-parent\" data-id=\"c51067b\" data-element_type=\"container\" data-e-type=\"container\">\n\t\t\t\t\t<div class=\"e-con-inner\">\n\t\t<div class=\"elementor-element elementor-element-ffbaf99 e-con-full e-flex e-con e-child\" data-id=\"ffbaf99\" data-element_type=\"container\" data-e-type=\"container\" data-settings=\"{&quot;background_background&quot;:&quot;classic&quot;}\">\n\t\t\t\t<\/div>\n\t\t<div class=\"elementor-element elementor-element-a68d6a9 e-con-full e-flex e-con e-child\" data-id=\"a68d6a9\" data-element_type=\"container\" data-e-type=\"container\">\n\t\t\t\t<div class=\"elementor-element elementor-element-49ee4c6 elementor-widget elementor-widget-heading\" data-id=\"49ee4c6\" data-element_type=\"widget\" data-e-type=\"widget\" data-widget_type=\"heading.default\">\n\t\t\t\t\t<h2 class=\"elementor-heading-title elementor-size-default\">Nutssan: Gaziantep\u2019in ihracat g\u00fcc\u00fc.<\/h2>\t\t\t\t<\/div>\n\t\t\t\t<div class=\"elementor-element elementor-element-6f22a6a elementor-widget elementor-widget-text-editor\" data-id=\"6f22a6a\" data-element_type=\"widget\" data-e-type=\"widget\" data-widget_type=\"text-editor.default\">\n\t\t\t\t\t\t\t\t\t<p>Gaziantep Serbest B\u00f6lge\u2019de konumlanan tesisimiz sayesinde, d\u0131\u015f ticaret s\u00fcre\u00e7lerinde h\u0131z, operasyonel verimlilik ve lojistik avantaj sa\u011flanmakta; \u00fcr\u00fcnlerimiz uluslararas\u0131 kalite standartlar\u0131 do\u011frultusunda d\u00fcnya pazarlar\u0131na sunulmaktad\u0131r.<\/p>\t\t\t\t\t\t\t\t<\/div>\n\t\t\t\t<\/div>\n\t\t\t\t\t<\/div>\n\t\t\t\t<\/div>\n\t\t<div class=\"elementor-element elementor-element-49c5a83 e-flex e-con-boxed e-con e-parent\" data-id=\"49c5a83\" data-element_type=\"container\" data-e-type=\"container\" data-settings=\"{&quot;background_background&quot;:&quot;classic&quot;}\">\n\t\t\t\t\t<div class=\"e-con-inner\">\n\t\t\t\t<div class=\"elementor-element elementor-element-20ff40d elementor-widget elementor-widget-heading\" data-id=\"20ff40d\" data-element_type=\"widget\" data-e-type=\"widget\" data-widget_type=\"heading.default\">\n\t\t\t\t\t<h2 class=\"elementor-heading-title elementor-size-default\">Hedefimiz<\/h2>\t\t\t\t<\/div>\n\t\t\t\t<div class=\"elementor-element elementor-element-402a1f6 elementor-widget elementor-widget-text-editor\" data-id=\"402a1f6\" data-element_type=\"widget\" data-e-type=\"widget\" data-widget_type=\"text-editor.default\">\n\t\t\t\t\t\t\t\t\t<p>Nutssan olarak hedefimiz; g\u00fcvenilir tedarik anlay\u0131\u015f\u0131, s\u00fcrd\u00fcr\u00fclebilir kalite politikas\u0131 ve profesyonel i\u015f yakla\u015f\u0131m\u0131m\u0131zla, global pazarlarda tercih edilen bir ihracat markas\u0131 olmakt\u0131r.<\/p>\t\t\t\t\t\t\t\t<\/div>\n\t\t<div class=\"elementor-element elementor-element-2f8296b e-flex e-con-boxed e-con e-child\" data-id=\"2f8296b\" data-element_type=\"container\" data-e-type=\"container\">\n\t\t\t\t\t<div class=\"e-con-inner\">\n\t\t\t\t<div class=\"elementor-element elementor-element-79c40d0 elementor-widget elementor-widget-image\" data-id=\"79c40d0\" data-element_type=\"widget\" data-e-type=\"widget\" data-widget_type=\"image.default\">\n\t\t\t\t\t\t\t\t\t\t\t\t\t\t\t<img decoding=\"async\" width=\"2560\" height=\"1440\" src=\"https:\/\/nutssan.com\/wp-content\/uploads\/2026\/02\/nutssan-gaziantep-scaled.jpg\" class=\"attachment-full size-full wp-image-963\" alt=\"\" srcset=\"https:\/\/nutssan.com\/wp-content\/uploads\/2026\/02\/nutssan-gaziantep-scaled.jpg 2560w, https:\/\/nutssan.com\/wp-content\/uploads\/2026\/02\/nutssan-gaziantep-300x169.jpg 300w, https:\/\/nutssan.com\/wp-content\/uploads\/2026\/02\/nutssan-gaziantep-1024x576.jpg 1024w, https:\/\/nutssan.com\/wp-content\/uploads\/2026\/02\/nutssan-gaziantep-768x432.jpg 768w, https:\/\/nutssan.com\/wp-content\/uploads\/2026\/02\/nutssan-gaziantep-1536x864.jpg 1536w, https:\/\/nutssan.com\/wp-content\/uploads\/2026\/02\/nutssan-gaziantep-2048x1152.jpg 2048w, https:\/\/nutssan.com\/wp-content\/uploads\/2026\/02\/nutssan-gaziantep-750x422.jpg 750w, https:\/\/nutssan.com\/wp-content\/uploads\/2026\/02\/nutssan-gaziantep-480x270.jpg 480w\" sizes=\"(max-width: 2560px) 100vw, 2560px\" \/>\t\t\t\t\t\t\t\t\t\t\t\t\t\t\t<\/div>\n\t\t\t\t\t<\/div>\n\t\t\t\t<\/div>\n\t\t\t\t\t<\/div>\n\t\t\t\t<\/div>\n\t\t<div class=\"elementor-element elementor-element-a19ca83 e-flex e-con-boxed e-con e-parent\" data-id=\"a19ca83\" data-element_type=\"container\" data-e-type=\"container\">\n\t\t\t\t\t<div class=\"e-con-inner\">\n\t\t<div class=\"elementor-element elementor-element-ce17749 e-con-full e-flex e-con e-child\" data-id=\"ce17749\" data-element_type=\"container\" data-e-type=\"container\" data-settings=\"{&quot;background_background&quot;:&quot;classic&quot;}\">\n\t\t<div class=\"elementor-element elementor-element-0fde9d2 e-con-full e-flex e-con e-child\" data-id=\"0fde9d2\" data-element_type=\"container\" data-e-type=\"container\">\n\t\t\t\t<div class=\"elementor-element elementor-element-f09f06e elementor-position-top elementor-widget elementor-widget-image-box\" data-id=\"f09f06e\" data-element_type=\"widget\" data-e-type=\"widget\" data-widget_type=\"image-box.default\">\n\t\t\t\t\t<div class=\"elementor-image-box-wrapper\"><figure class=\"elementor-image-box-img\"><img fetchpriority=\"high\" decoding=\"async\" width=\"743\" height=\"336\" src=\"https:\/\/nutssan.com\/wp-content\/uploads\/2026\/02\/nutssan_logo_trans.png\" class=\"attachment-full size-full wp-image-920\" alt=\"\" srcset=\"https:\/\/nutssan.com\/wp-content\/uploads\/2026\/02\/nutssan_logo_trans.png 743w, https:\/\/nutssan.com\/wp-content\/uploads\/2026\/02\/nutssan_logo_trans-300x136.png 300w\" sizes=\"(max-width: 743px) 100vw, 743px\" \/><\/figure><\/div>\t\t\t\t<\/div>\n\t\t\t\t<div class=\"elementor-element elementor-element-19a9488 elementor-widget elementor-widget-heading\" data-id=\"19a9488\" data-element_type=\"widget\" data-e-type=\"widget\" data-widget_type=\"heading.default\">\n\t\t\t\t\t<h2 class=\"elementor-heading-title elementor-size-default\">Lezzeti b\u00fcy\u00fcten marka<\/h2>\t\t\t\t<\/div>\n\t\t\t\t<div class=\"elementor-element elementor-element-9718551 elementor-widget elementor-widget-text-editor\" data-id=\"9718551\" data-element_type=\"widget\" data-e-type=\"widget\" data-widget_type=\"text-editor.default\">\n\t\t\t\t\t\t\t\t\t<p data-start=\"1347\" data-end=\"1402\">Y\u00fcksek hacimli sipari\u015flere \u00f6zel \u00fcretim ve paketleme<\/p>\t\t\t\t\t\t\t\t<\/div>\n\t\t\t\t<\/div>\n\t\t\t\t<\/div>\n\t\t\t\t\t<\/div>\n\t\t\t\t<\/div>\n\t\t\t\t<\/div>","protected":false},"excerpt":{"rendered":"<p>D\u00fcnya genelinde kalite, g\u00fcvenilirlik ve ihracat m\u00fckemmeliyeti sunuyoruz.<\/p>","protected":false},"author":1,"featured_media":0,"parent":0,"menu_order":0,"comment_status":"closed","ping_status":"closed","template":"","meta":{"footnotes":""},"class_list":["post-726","page","type-page","status-publish","hentry"],"blocksy_meta":{"page_title_panel":"","has_hero_section":"default","4c3a8b97d08473a95169aadee21735a1":"","hero_section":"type-1","hero_elements":[{"id":"custom_title","enabled":true,"heading_tag":"h1","title":"Anasayfa"},{"id":"custom_description","enabled":true,"description_visibility":{"desktop":true,"tablet":true,"mobile":false}},{"id":"custom_meta","enabled":false,"meta_elements":[{"id":"author","enabled":true,"label":"By","has_author_avatar":"yes","avatar_size":25},{"id":"post_date","enabled":true,"label":"On","date_format_source":"default","date_format":"M j, Y"},{"id":"updated_date","enabled":false,"label":"On","date_format_source":"default","date_format":"M j, Y"},{"id":"categories","enabled":false,"label":"In","style":"simple"},{"id":"comments","enabled":true}],"page_meta_elements":{"joined":true,"articles_count":true,"comments":true}},{"id":"breadcrumbs","enabled":false}],"105c6c3310cea4c66ed20b55eeb7cc66":"","hero_alignment1":"CT_CSS_SKIP_RULE","hero_margin":40,"hero_alignment2":"center","hero_vertical_alignment":"center","06f83adabed992dcc503294a9f704078":"","hero_structure":"narrow","277346081f354e5fb9ad02749e35cc40":"","page_title_bg_type":"featured_image","custom_hero_background":{"attachment_id":null},"page_title_image_size":"full","parallax":{"desktop":false,"tablet":false,"mobile":false},"dbf84b3a718961941c93fed5935edc33":"","hero_height":"250px","pageTitleFont":{"family":"Default","variation":"Default","size":"30px","line-height":"CT_CSS_SKIP_RULE","letter-spacing":"CT_CSS_SKIP_RULE","text-transform":"CT_CSS_SKIP_RULE","text-decoration":"CT_CSS_SKIP_RULE"},"pageTitleFontColor":{"default":{"color":"CT_CSS_SKIP_RULEDEFAULT"}},"pageMetaFont":{"family":"Default","variation":"n6","size":"12px","line-height":"1.3","letter-spacing":"CT_CSS_SKIP_RULE","text-transform":"uppercase","text-decoration":"CT_CSS_SKIP_RULE"},"pageMetaFontColor":{"default":{"color":"CT_CSS_SKIP_RULEDEFAULT"},"hover":{"color":"CT_CSS_SKIP_RULEDEFAULT"}},"page_meta_button_type_font_colors":{"default":{"color":"CT_CSS_SKIP_RULEDEFAULT"},"hover":{"color":"CT_CSS_SKIP_RULEDEFAULT"}},"page_meta_button_type_background_colors":{"default":{"color":"CT_CSS_SKIP_RULEDEFAULT"},"hover":{"color":"CT_CSS_SKIP_RULEDEFAULT"}},"pageExcerptFont":{"family":"Default","variation":"Default","size":"CT_CSS_SKIP_RULE","line-height":"CT_CSS_SKIP_RULE","letter-spacing":"CT_CSS_SKIP_RULE","text-transform":"CT_CSS_SKIP_RULE","text-decoration":"CT_CSS_SKIP_RULE"},"pageExcerptColor":{"default":{"color":"CT_CSS_SKIP_RULEDEFAULT"}},"breadcrumbsFont":{"family":"Default","variation":"Default","size":"CT_CSS_SKIP_RULE","line-height":"CT_CSS_SKIP_RULE","letter-spacing":"CT_CSS_SKIP_RULE","text-transform":"CT_CSS_SKIP_RULE","text-decoration":"CT_CSS_SKIP_RULE"},"breadcrumbsFontColor":{"default":{"color":"CT_CSS_SKIP_RULEDEFAULT"},"initial":{"color":"CT_CSS_SKIP_RULEDEFAULT"},"hover":{"color":"CT_CSS_SKIP_RULEDEFAULT"}},"pageTitleOverlay":{"background_type":"color","background_pattern":"type-1","background_image":{"attachment_id":null,"x":0,"y":0},"gradient":"linear-gradient(135deg,rgba(6,147,227,1) 0%,rgb(155,81,224) 100%)","background_repeat":"repeat","background_size":"auto","background_attachment":"scroll","patternColor":{"default":{"color":"#e5e7ea"}},"overlayColor":{"default":{"color":"CT_CSS_SKIP_RULE"}},"backgroundColor":{"default":{"color":"CT_CSS_SKIP_RULE"}}},"pageTitleBackground":{"background_type":"color","background_pattern":"type-1","background_image":{"attachment_id":null,"x":0,"y":0},"gradient":"linear-gradient(135deg,rgba(6,147,227,1) 0%,rgb(155,81,224) 100%)","background_repeat":"repeat","background_size":"auto","background_attachment":"scroll","patternColor":{"default":{"color":"#e5e7ea"}},"overlayColor":{"default":{"color":"CT_CSS_SKIP_RULE"}},"backgroundColor":{"default":{"color":"var(--theme-palette-color-6)"}}},"pageTitlePadding":{"top":"50px","bottom":"50px","left":"auto","right":"auto","linked":true},"1770dd5e50bab6a8aad326fc5bcf50a1":"","page_structure_type":"default","a1cdc198ddf9ca3295628e3cc0c91d29":"","content_style_source":"inherit","content_style":"wide","vertical_spacing_source":"custom","content_area_spacing":"none","background":{"background_type":"color","background_pattern":"type-1","background_image":{"attachment_id":null,"x":0,"y":0},"gradient":"linear-gradient(135deg,rgba(6,147,227,1) 0%,rgb(155,81,224) 100%)","background_repeat":"repeat","background_size":"auto","background_attachment":"scroll","patternColor":{"default":{"color":"#e5e7ea"}},"overlayColor":{"default":{"color":"CT_CSS_SKIP_RULE"}},"backgroundColor":{"default":{"color":"CT_CSS_SKIP_RULE"}}},"content_background":{"background_type":"color","background_pattern":"type-1","background_image":{"attachment_id":null,"x":0,"y":0},"gradient":"linear-gradient(135deg,rgba(6,147,227,1) 0%,rgb(155,81,224) 100%)","background_repeat":"repeat","background_size":"auto","background_attachment":"scroll","patternColor":{"default":{"color":"#e5e7ea"}},"overlayColor":{"default":{"color":"CT_CSS_SKIP_RULE"}},"backgroundColor":{"default":{"color":"var(--theme-palette-color-8)"}}},"content_boxed_shadow":{"inherit":false,"blur":18,"spread":-6,"v_offset":12,"h_offset":0,"inset":false,"enable":true,"color":{"color":"rgba(34, 56, 101, 0.04)"}},"content_boxed_border":{"width":1,"style":"none","color":{"color":"rgba(44,62,80,0.2)"}},"content_boxed_radius":{"top":"3px","bottom":"3px","left":"3px","right":"3px","linked":true},"boxed_content_spacing":{"desktop":{"top":"40px","bottom":"40px","left":"40px","right":"40px","linked":true},"tablet":{"top":"35px","bottom":"35px","left":"35px","right":"35px","linked":true},"mobile":{"top":"20px","bottom":"20px","left":"20px","right":"20px","linked":true}},"425de3d825d4dd425df547c143bbed6a":"","disable_featured_image":"no","disable_share_box":"no","disable_header":"no","disable_footer":"no","styles_descriptor":{"styles":{"desktop":"","tablet":"","mobile":""},"google_fonts":[],"version":6}},"_links":{"self":[{"href":"https:\/\/nutssan.com\/tr\/wp-json\/wp\/v2\/pages\/726","targetHints":{"allow":["GET"]}}],"collection":[{"href":"https:\/\/nutssan.com\/tr\/wp-json\/wp\/v2\/pages"}],"about":[{"href":"https:\/\/nutssan.com\/tr\/wp-json\/wp\/v2\/types\/page"}],"author":[{"embeddable":true,"href":"https:\/\/nutssan.com\/tr\/wp-json\/wp\/v2\/users\/1"}],"replies":[{"embeddable":true,"href":"https:\/\/nutssan.com\/tr\/wp-json\/wp\/v2\/comments?post=726"}],"version-history":[{"count":0,"href":"https:\/\/nutssan.com\/tr\/wp-json\/wp\/v2\/pages\/726\/revisions"}],"wp:attachment":[{"href":"https:\/\/nutssan.com\/tr\/wp-json\/wp\/v2\/media?parent=726"}],"curies":[{"name":"wp","href":"https:\/\/api.w.org\/{rel}","templated":true}]}}